{"id":897,"date":"2022-03-21T21:49:07","date_gmt":"2022-03-21T21:49:07","guid":{"rendered":"https:\/\/www.ricardorubiopsicologo.com\/?page_id=897"},"modified":"2024-05-05T19:01:41","modified_gmt":"2024-05-05T19:01:41","slug":"informes-2","status":"publish","type":"page","link":"https:\/\/www.ricardorubiopsicologo.com\/index.php\/informes-2\/","title":{"rendered":"Informes 2-"},"content":{"rendered":"\t\t<div data-elementor-type=\"wp-page\" data-elementor-id=\"897\" class=\"elementor elementor-897\">\n\t\t\t\t\t\t<section class=\"elementor-section elementor-top-section elementor-element elementor-element-6bf6a5a2 elementor-section-boxed elementor-section-height-default elementor-section-height-default\" data-id=\"6bf6a5a2\" data-element_type=\"section\" data-e-type=\"section\">\n\t\t\t\t\t\t<div class=\"elementor-container elementor-column-gap-default\">\n\t\t\t\t\t<div class=\"elementor-column elementor-col-100 elementor-top-column elementor-element elementor-element-6eee2a20\" data-id=\"6eee2a20\" data-element_type=\"column\" data-e-type=\"column\">\n\t\t\t<div class=\"elementor-widget-wrap elementor-element-populated\">\n\t\t\t\t\t\t<div class=\"elementor-element elementor-element-38a4507d elementor-widget elementor-widget-text-editor\" data-id=\"38a4507d\" data-element_type=\"widget\" data-e-type=\"widget\" data-widget_type=\"text-editor.default\">\n\t\t\t\t<div class=\"elementor-widget-container\">\n\t\t\t\t\t\t\t\t\t<p><\/p>\n<p><strong>Si est\u00e1s leyendo esto, es porque seguramente ya agendaste tu espacio de terapia conmigo. Este es el primer paso para tratar de resolver tus problemas y te acompa\u00f1ar\u00e9 en todo el tiempo que sea necesario.<\/strong><\/p>\n<p>Antes de la primera sesi\u00f3n tienes que <strong>llenar un peque\u00f1o formato en electr\u00f3nico<\/strong> para agilizar el proceso en la primera entrevista, el cual est\u00e1 el final de esta p\u00e1gina. Una vez que lo contestes, te enviar\u00e9 por \u00faltimo un documento por correo electr\u00f3nico y te explicar\u00e9 el por qu\u00e9 el mismo es muy importante.<\/p>\n<p><\/p>\n<p><\/p>\n<p><\/p>\n<p><\/p>\n<p>En el caso de que se presente alguna situaci\u00f3n que te impida asistir a la sesi\u00f3n previamente programada te <strong>pido que por favor avises con tiempo<\/strong>.<\/p>\n<p><\/p>\n<p><\/p>\n<p>Si avisas con un <strong>m\u00ednimo de 24 horas antes de la hora de tu sesi\u00f3n<\/strong>, no se te realizar\u00e1 ning\u00fan cobro. Si avisas en un plazo <strong>menor a 24 horas<\/strong> el cobro ser\u00e1 <strong>$14.99<\/strong>\u00a0y <strong>si no avisas en absoluto<\/strong> el cobro ser\u00e1 el mismo que una sesi\u00f3n efectuada y se podr\u00e1 reagendar la sesi\u00f3n para otro espacio en la semana o para la pr\u00f3xima semana, de acuerdo a los horarios de ambos con el cobro correspondiente a esa nueva sesi\u00f3n.<\/p>\n<p><\/p>\n<p><\/p>\n<p>En el caso de los retrasos, tienes <strong>15 minutos de tolerancia.<\/strong> Si no avisas, pasando el tiempo antes dicho, la sesi\u00f3n se da por cancelada y luego tendr\u00e1s que reagendar con el cobro de la sesi\u00f3n cancelada y el correspondiente de la nueva sesi\u00f3n. Si avisas que llegar\u00e1s un poco tarde, podemos comenzarla teniendo en cuenta que la hora de t\u00e9rmino ser\u00e1 la misma, por respeto a los siguientes consultantes despu\u00e9s de ti.<\/p>\n<p><\/p>\n<p><\/p>\n<p>Si yo tuviera alg\u00fan contratiempo y no pudiera atenderte en el horario programado de tu sesi\u00f3n te avisar\u00e9 con antelaci\u00f3n y en este caso no pagar\u00edas la sesi\u00f3n.<\/p>\n<p>\u00a0<\/p>\n<p><\/p>\n<p><\/p>\n<p class=\"has-text-align-center\"><strong>IMPORTANTE: Durante las primeras sesiones, al agendar una cita te pido que por favor hagas el correspondiente pago lo m\u00e1s pronto posible para confirmar la sesi\u00f3n agendada<\/strong>.<\/p>\n<p><\/p>\t\t\t\t\t\t\t\t<\/div>\n\t\t\t\t<\/div>\n\t\t\t\t<div class=\"elementor-element elementor-element-eb0c78d elementor-align-center elementor-widget elementor-widget-button\" data-id=\"eb0c78d\" data-element_type=\"widget\" data-e-type=\"widget\" data-widget_type=\"button.default\">\n\t\t\t\t<div class=\"elementor-widget-container\">\n\t\t\t\t\t\t\t\t\t<div class=\"elementor-button-wrapper\">\n\t\t\t\t\t<a class=\"elementor-button elementor-button-link elementor-size-xl\" href=\"https:\/\/docs.google.com\/forms\/d\/e\/1FAIpQLSfM6YcmNxqxt0ew3QNKF8raa9N2aDKYDCy5y1Fk_wAJKha0LQ\/viewform?usp=sf_link\" target=\"_blank\" rel=\"noopener\">\n\t\t\t\t\t\t<span class=\"elementor-button-content-wrapper\">\n\t\t\t\t\t\t\t\t\t<span class=\"elementor-button-text\">Formato de preconsulta<\/span>\n\t\t\t\t\t<\/span>\n\t\t\t\t\t<\/a>\n\t\t\t\t<\/div>\n\t\t\t\t\t\t\t\t<\/div>\n\t\t\t\t<\/div>\n\t\t\t\t\t<\/div>\n\t\t<\/div>\n\t\t\t\t\t<\/div>\n\t\t<\/section>\n\t\t\t\t<\/div>\n\t\t","protected":false},"excerpt":{"rendered":"<p>Si est\u00e1s leyendo esto, es porque seguramente ya agendaste tu espacio de terapia conmigo. Este es el primer paso para tratar de resolver tus problemas y te acompa\u00f1ar\u00e9 en todo el tiempo que sea necesario. Antes de la primera sesi\u00f3n tienes que llenar un peque\u00f1o formato en electr\u00f3nico para agilizar el proceso en la primera &#8230; <a title=\"Informes 2-\" class=\"read-more\" href=\"https:\/\/www.ricardorubiopsicologo.com\/index.php\/informes-2\/\" aria-label=\"Leer m\u00e1s sobre Informes 2-\">Leer m\u00e1s<\/a><\/p>\n","protected":false},"author":1,"featured_media":0,"parent":0,"menu_order":0,"comment_status":"closed","ping_status":"closed","template":"","meta":{"footnotes":""},"class_list":["post-897","page","type-page","status-publish"],"_links":{"self":[{"href":"https:\/\/www.ricardorubiopsicologo.com\/index.php\/wp-json\/wp\/v2\/pages\/897","targetHints":{"allow":["GET"]}}],"collection":[{"href":"https:\/\/www.ricardorubiopsicologo.com\/index.php\/wp-json\/wp\/v2\/pages"}],"about":[{"href":"https:\/\/www.ricardorubiopsicologo.com\/index.php\/wp-json\/wp\/v2\/types\/page"}],"author":[{"embeddable":true,"href":"https:\/\/www.ricardorubiopsicologo.com\/index.php\/wp-json\/wp\/v2\/users\/1"}],"replies":[{"embeddable":true,"href":"https:\/\/www.ricardorubiopsicologo.com\/index.php\/wp-json\/wp\/v2\/comments?post=897"}],"version-history":[{"count":13,"href":"https:\/\/www.ricardorubiopsicologo.com\/index.php\/wp-json\/wp\/v2\/pages\/897\/revisions"}],"predecessor-version":[{"id":1395,"href":"https:\/\/www.ricardorubiopsicologo.com\/index.php\/wp-json\/wp\/v2\/pages\/897\/revisions\/1395"}],"wp:attachment":[{"href":"https:\/\/www.ricardorubiopsicologo.com\/index.php\/wp-json\/wp\/v2\/media?parent=897"}],"curies":[{"name":"wp","href":"https:\/\/api.w.org\/{rel}","templated":true}]}}